{"id":7,"date":"2025-07-16T13:11:21","date_gmt":"2025-07-16T13:11:21","guid":{"rendered":"https:\/\/joaosilva.com.br\/trust\/?page_id=7"},"modified":"2025-08-02T11:19:45","modified_gmt":"2025-08-02T11:19:45","slug":"trust","status":"publish","type":"page","link":"https:\/\/joaosilva.com.br\/trust\/","title":{"rendered":"TRUST"},"content":{"rendered":"\t\t<div data-elementor-type=\"wp-page\" data-elementor-id=\"7\" class=\"elementor elementor-7\">\n\t\t\t\t<div class=\"elementor-element elementor-element-a13a821 e-flex e-con-boxed e-con e-parent\" data-id=\"a13a821\" data-element_type=\"container\" data-e-type=\"container\">\n\t\t\t\t\t<div class=\"e-con-inner\">\n\t\t\t\t<div class=\"elementor-element elementor-element-6993537 elementor-widget elementor-widget-heading\" data-id=\"6993537\" data-element_type=\"widget\" data-e-type=\"widget\" data-widget_type=\"heading.default\">\n\t\t\t\t\t<h2 class=\"elementor-heading-title elementor-size-default\">Voc\u00ea est\u00e1 segurando\n<\/br> mais do que uma amostra.<\/h2>\t\t\t\t<\/div>\n\t\t\t\t\t<\/div>\n\t\t\t\t<\/div>\n\t\t<div class=\"elementor-element elementor-element-53bbc12 e-flex e-con-boxed e-con e-parent\" data-id=\"53bbc12\" data-element_type=\"container\" data-e-type=\"container\">\n\t\t\t\t\t<div class=\"e-con-inner\">\n\t\t\t\t<div class=\"elementor-element elementor-element-d81ede8 elementor-widget elementor-widget-text-editor\" data-id=\"d81ede8\" data-element_type=\"widget\" data-e-type=\"widget\" data-widget_type=\"text-editor.default\">\n\t\t\t\t\t\t\t\t\t<p class=\"p1\">Voc\u00ea n\u00e3o vai encontrar nome, logo ou promessa nessa embalagem.<br \/>A \u00fanica coisa que ela carrega \u00e9 o que constru\u00edmos juntos: confian\u00e7a.<\/p>\t\t\t\t\t\t\t\t<\/div>\n\t\t\t\t\t<\/div>\n\t\t\t\t<\/div>\n\t\t<div class=\"elementor-element elementor-element-b4ba5ff e-flex e-con-boxed e-con e-parent\" data-id=\"b4ba5ff\" data-element_type=\"container\" data-e-type=\"container\">\n\t\t\t\t\t<div class=\"e-con-inner\">\n\t\t\t\t<div class=\"elementor-element elementor-element-5292954 elementor-widget elementor-widget-heading\" data-id=\"5292954\" data-element_type=\"widget\" data-e-type=\"widget\" data-widget_type=\"heading.default\">\n\t\t\t\t\t<h2 class=\"elementor-heading-title elementor-size-default\">E nem toda ra\u00e7\u00e3o merece sua confian\u00e7a.<\/h2>\t\t\t\t<\/div>\n\t\t\t\t\t<\/div>\n\t\t\t\t<\/div>\n\t\t<div class=\"elementor-element elementor-element-400e8c7 e-flex e-con-boxed e-con e-parent\" data-id=\"400e8c7\" data-element_type=\"container\" data-e-type=\"container\">\n\t\t\t\t\t<div class=\"e-con-inner\">\n\t\t\t\t<div class=\"elementor-element elementor-element-5dfb552 elementor-widget elementor-widget-text-editor\" data-id=\"5dfb552\" data-element_type=\"widget\" data-e-type=\"widget\" data-widget_type=\"text-editor.default\">\n\t\t\t\t\t\t\t\t\t<p class=\"p1\">Nos \u00faltimos dois anos, n\u00e3o vendemos discurso bonito. Entregamos resultado.<\/p><p class=\"p1\">E agora, essa amostra que chegou at\u00e9 voc\u00ea representa o pr\u00f3ximo passo.<\/p>\t\t\t\t\t\t\t\t<\/div>\n\t\t\t\t\t<\/div>\n\t\t\t\t<\/div>\n\t\t<div class=\"elementor-element elementor-element-df439b5 e-flex e-con-boxed e-con e-parent\" data-id=\"df439b5\" data-element_type=\"container\" data-e-type=\"container\">\n\t\t\t\t\t<div class=\"e-con-inner\">\n\t\t\t\t<div class=\"elementor-element elementor-element-50ef133 elementor-widget elementor-widget-text-editor\" data-id=\"50ef133\" data-element_type=\"widget\" data-e-type=\"widget\" data-widget_type=\"text-editor.default\">\n\t\t\t\t\t\t\t\t\t<p class=\"p1\">Sem distra\u00e7\u00f5es. Sem r\u00f3tulo. S\u00f3 o essencial: resultado.<br \/>Criada por quem entende que confian\u00e7a n\u00e3o se ganha. Se constr\u00f3i.<\/p>\t\t\t\t\t\t\t\t<\/div>\n\t\t\t\t\t<\/div>\n\t\t\t\t<\/div>\n\t\t<div class=\"elementor-element elementor-element-e832678 e-flex e-con-boxed e-con e-parent\" data-id=\"e832678\" data-element_type=\"container\" data-e-type=\"container\">\n\t\t\t\t\t<div class=\"e-con-inner\">\n\t\t\t\t<div class=\"elementor-element elementor-element-7324a2d elementor-widget elementor-widget-text-editor\" data-id=\"7324a2d\" data-element_type=\"widget\" data-e-type=\"widget\" data-widget_type=\"text-editor.default\">\n\t\t\t\t\t\t\t\t\t<p class=\"p1\">Quer saber o que est\u00e1 por tr\u00e1s dessa proposta?<br \/>Cadastre-se para ser o primeiro a descobrir.<\/p>\t\t\t\t\t\t\t\t<\/div>\n\t\t\t\t\t<\/div>\n\t\t\t\t<\/div>\n\t\t<div class=\"elementor-element elementor-element-2aabc41 e-flex e-con-boxed e-con e-parent\" data-id=\"2aabc41\" data-element_type=\"container\" data-e-type=\"container\">\n\t\t\t\t\t<div class=\"e-con-inner\">\n\t\t\t\t<div class=\"elementor-element elementor-element-0b99633 elementor-widget elementor-widget-text-editor\" data-id=\"0b99633\" data-element_type=\"widget\" data-e-type=\"widget\" data-widget_type=\"text-editor.default\">\n\t\t\t\t\t\t\t\t\t<p class=\"p1\">Junte-se aos criadores que querem mais do que promessa.<br \/>Querem confian\u00e7a.<\/p>\t\t\t\t\t\t\t\t<\/div>\n\t\t\t\t\t<\/div>\n\t\t\t\t<\/div>\n\t\t<div class=\"elementor-element elementor-element-356d6c5 e-flex e-con-boxed e-con e-parent\" data-id=\"356d6c5\" data-element_type=\"container\" data-e-type=\"container\" data-settings=\"{&quot;background_background&quot;:&quot;classic&quot;}\">\n\t\t\t\t\t<div class=\"e-con-inner\">\n\t\t\t\t<div class=\"elementor-element elementor-element-2f4435f elementor-widget elementor-widget-html\" data-id=\"2f4435f\" data-element_type=\"widget\" data-e-type=\"widget\" data-widget_type=\"html.default\">\n\t\t\t\t\t<div id=\"mc_embed_shell\">\n      <link href=\"\/\/cdn-images.mailchimp.com\/embedcode\/classic-061523.css\" rel=\"stylesheet\" type=\"text\/css\">\n  <style type=\"text\/css\">\n        #mc_embed_signup{background:#fff; false;clear:left; font:14px Helvetica,Arial,sans-serif; width: 400px;}\n        \/* Add your own Mailchimp form style overrides in your site stylesheet or in this style block.\n           We recommend moving this block and the preceding CSS link to the HEAD of your HTML file. *\/\n<\/style>\n<div id=\"mc_embed_signup\">\n    <form action=\"https:\/\/joaosilva.us7.list-manage.com\/subscribe\/post?u=593c8a8fe85c06e5b3572856e&amp;id=d59d0d2863&amp;f_id=0011f6e3f0\" method=\"post\" id=\"mc-embedded-subscribe-form\" name=\"mc-embedded-subscribe-form\" class=\"validate\" target=\"_blank\">\n        <div id=\"mc_embed_signup_scroll\"><h2>FA\u00c7A PARTE!<\/h2>\n            <div class=\"indicates-required\"><span class=\"asterisk\">*<\/span> indica obrigat\u00f3rio<\/div>\n            <div class=\"mc-field-group\"><label for=\"mce-EMAIL\">Endere\u00e7o de e-mail <span class=\"asterisk\">*<\/span><\/label><input type=\"email\" name=\"EMAIL\" class=\"required email\" id=\"mce-EMAIL\" required=\"\" value=\"\"><\/div><div class=\"mc-field-group\"><label for=\"mce-FNAME\">Nome <span class=\"asterisk\">*<\/span><\/label><input type=\"text\" name=\"FNAME\" class=\"required text\" id=\"mce-FNAME\" required=\"\" value=\"\"><\/div><div class=\"mc-field-group\"><label for=\"mce-LNAME\">Sobrenome <\/label><input type=\"text\" name=\"LNAME\" class=\" text\" id=\"mce-LNAME\" value=\"\"><\/div><div class=\"mc-address-group\"><div class=\"mc-field-group\"><label for=\"mce-ADDRESS-addr1\">Endere\u00e7o <span class=\"asterisk\">*<\/span><\/label><input type=\"text\" maxlength=\"70\" name=\"ADDRESS[addr1]\" id=\"mce-ADDRESS-addr1\" class=\"required\" value=\"\"><\/div><div class=\"mc-field-group\"><label for=\"mce-ADDRESS-addr2\">Address Line 2<\/label><input type=\"text\" maxlength=\"70\" name=\"ADDRESS[addr2]\" id=\"mce-ADDRESS-addr2\" value=\"\"><\/div><div class=\"mc-address-fields-group\"><div class=\"mc-field-group\"><label for=\"mce-ADDRESS-city\">City<\/label><input type=\"text\" maxlength=\"40\" name=\"ADDRESS[city]\" id=\"mce-ADDRESS-city\" class=\"required\" value=\"\"><\/div><div class=\"mc-field-group\"><label for=\"mce-ADDRESS-state\">State\/Province\/Region<\/label><input type=\"text\" maxlength=\"20\" name=\"ADDRESS[state]\" id=\"mce-ADDRESS-state\" class=\"required\" value=\"\"><\/div><div class=\"mc-field-group\"><label for=\"mce-ADDRESS-zip\">Postal \/ Zip Code<\/label><input type=\"text\" maxlength=\"10\" name=\"ADDRESS[zip]\" id=\"mce-ADDRESS-zip\" class=\"required\" value=\"\"><\/div><\/div><div class=\"mc-field-group\"><label for=\"mce-ADDRESS-country\">Country<\/label><select name=\"ADDRESS[country]\" id=\"mce-ADDRESS-country\" class=\"required\"><option value=\"Albania\">Albania<\/option><option value=\"Algeria\">Algeria<\/option><option value=\"Andorra\">Andorra<\/option><option value=\"Angola\">Angola<\/option><option value=\"Argentina\">Argentina<\/option><option value=\"Armenia\">Armenia<\/option><option value=\"Australia\">Australia<\/option><option value=\"Austria\">Austria<\/option><option value=\"Azerbaijan\">Azerbaijan<\/option><option value=\"Bahamas\">Bahamas<\/option><option value=\"Bahrain\">Bahrain<\/option><option value=\"Bangladesh\">Bangladesh<\/option><option value=\"Barbados\">Barbados<\/option><option value=\"Belarus\">Belarus<\/option><option value=\"Belgium\">Belgium<\/option><option value=\"Belize\">Belize<\/option><option value=\"Benin\">Benin<\/option><option value=\"Bermuda\">Bermuda<\/option><option value=\"Bhutan\">Bhutan<\/option><option value=\"Bolivia\">Bolivia<\/option><option value=\"Bosnia and Herzegovina\">Bosnia and Herzegovina<\/option><option value=\"Botswana\">Botswana<\/option><option value=\"Brazil\">Brazil<\/option><option value=\"Bulgaria\">Bulgaria<\/option><option value=\"Burkina Faso\">Burkina Faso<\/option><option value=\"Burundi\">Burundi<\/option><option value=\"Cambodia\">Cambodia<\/option><option value=\"Cameroon\">Cameroon<\/option><option value=\"Canada\">Canada<\/option><option value=\"Cape Verde\">Cape Verde<\/option><option value=\"Cayman Islands\">Cayman Islands<\/option><option value=\"Central African Republic\">Central African Republic<\/option><option value=\"Chad\">Chad<\/option><option value=\"Chile\">Chile<\/option><option value=\"China\">China<\/option><option value=\"Colombia\">Colombia<\/option><option value=\"Congo\">Congo<\/option><option value=\"Croatia\">Croatia<\/option><option value=\"Cyprus\">Cyprus<\/option><option value=\"Czech Republic\">Czech Republic<\/option><option value=\"Denmark\">Denmark<\/option><option value=\"Djibouti\">Djibouti<\/option><option value=\"Ecuador\">Ecuador<\/option><option value=\"Egypt\">Egypt<\/option><option value=\"El Salvador\">El Salvador<\/option><option value=\"Equatorial Guinea\">Equatorial Guinea<\/option><option value=\"Eritrea\">Eritrea<\/option><option value=\"Estonia\">Estonia<\/option><option value=\"Ethiopia\">Ethiopia<\/option><option value=\"Fiji\">Fiji<\/option><option value=\"Finland\">Finland<\/option><option value=\"France\">France<\/option><option value=\"Gabon\">Gabon<\/option><option value=\"Gambia\">Gambia<\/option><option value=\"Georgia\">Georgia<\/option><option value=\"Germany\">Germany<\/option><option value=\"Ghana\">Ghana<\/option><option value=\"Greece\">Greece<\/option><option value=\"Guam\">Guam<\/option><option value=\"Guinea\">Guinea<\/option><option value=\"Guinea-Bissau\">Guinea-Bissau<\/option><option value=\"Guyana\">Guyana<\/option><option value=\"Honduras\">Honduras<\/option><option value=\"Hong Kong\">Hong Kong<\/option><option value=\"Hungary\">Hungary<\/option><option value=\"Iceland\">Iceland<\/option><option value=\"India\">India<\/option><option value=\"Indonesia\">Indonesia<\/option><option value=\"Ireland\">Ireland<\/option><option value=\"Israel\">Israel<\/option><option value=\"Italy\">Italy<\/option><option value=\"Japan\">Japan<\/option><option value=\"Jordan\">Jordan<\/option><option value=\"Kazakhstan\">Kazakhstan<\/option><option value=\"Kenya\">Kenya<\/option><option value=\"Kuwait\">Kuwait<\/option><option value=\"Kyrgyzstan\">Kyrgyzstan<\/option><option value=\"Lao People's Democratic Republic\">Lao People's Democratic Republic<\/option><option value=\"Latvia\">Latvia<\/option><option value=\"Lebanon\">Lebanon<\/option><option value=\"Lesotho\">Lesotho<\/option><option value=\"Liberia\">Liberia<\/option><option value=\"Liechtenstein\">Liechtenstein<\/option><option value=\"Lithuania\">Lithuania<\/option><option value=\"Luxembourg\">Luxembourg<\/option><option value=\"Macedonia\">Macedonia<\/option><option value=\"Madagascar\">Madagascar<\/option><option value=\"Malawi\">Malawi<\/option><option value=\"Malaysia\">Malaysia<\/option><option value=\"Maldives\">Maldives<\/option><option value=\"Mali\">Mali<\/option><option value=\"Malta\">Malta<\/option><option value=\"Mauritania\">Mauritania<\/option><option value=\"Mexico\">Mexico<\/option><option value=\"Moldova\">Moldova<\/option><option value=\"Monaco\">Monaco<\/option><option value=\"Mongolia\">Mongolia<\/option><option value=\"Morocco\">Morocco<\/option><option value=\"Mozambique\">Mozambique<\/option><option value=\"Namibia\">Namibia<\/option><option value=\"Nepal\">Nepal<\/option><option value=\"Netherlands\">Netherlands<\/option><option value=\"Netherlands Antilles\">Netherlands Antilles<\/option><option value=\"New Zealand\">New Zealand<\/option><option value=\"Nicaragua\">Nicaragua<\/option><option value=\"Niger\">Niger<\/option><option value=\"Nigeria\">Nigeria<\/option><option value=\"Norway\">Norway<\/option><option value=\"Oman\">Oman<\/option><option value=\"Pakistan\">Pakistan<\/option><option value=\"Panama\">Panama<\/option><option value=\"Paraguay\">Paraguay<\/option><option value=\"Peru\">Peru<\/option><option value=\"Philippines\">Philippines<\/option><option value=\"Poland\">Poland<\/option><option value=\"Portugal\">Portugal<\/option><option value=\"Qatar\">Qatar<\/option><option value=\"Reunion\">Reunion<\/option><option value=\"Romania\">Romania<\/option><option value=\"Russia\">Russia<\/option><option value=\"Rwanda\">Rwanda<\/option><option value=\"Samoa (Independent)\">Samoa (Independent)<\/option><option value=\"Saudi Arabia\">Saudi Arabia<\/option><option value=\"Senegal\">Senegal<\/option><option value=\"Seychelles\">Seychelles<\/option><option value=\"Sierra Leone\">Sierra Leone<\/option><option value=\"Singapore\">Singapore<\/option><option value=\"Slovakia\">Slovakia<\/option><option value=\"Slovenia\">Slovenia<\/option><option value=\"Somalia\">Somalia<\/option><option value=\"South Africa\">South Africa<\/option><option value=\"South Korea\">South Korea<\/option><option value=\"Spain\">Spain<\/option><option value=\"Sri Lanka\">Sri Lanka<\/option><option value=\"Suriname\">Suriname<\/option><option value=\"Swaziland\">Swaziland<\/option><option value=\"Sweden\">Sweden<\/option><option value=\"Switzerland\">Switzerland<\/option><option value=\"Taiwan\">Taiwan<\/option><option value=\"Tanzania\">Tanzania<\/option><option value=\"Thailand\">Thailand<\/option><option value=\"Togo\">Togo<\/option><option value=\"Tunisia\">Tunisia<\/option><option value=\"Turkiye\">Turkiye<\/option><option value=\"Turkmenistan\">Turkmenistan<\/option><option value=\"Uganda\">Uganda<\/option><option value=\"Ukraine\">Ukraine<\/option><option value=\"United Arab Emirates\">United Arab Emirates<\/option><option value=\"Uruguay\">Uruguay<\/option><option value=\"USA\" selected=\"\">USA<\/option><option value=\"Uzbekistan\">Uzbekistan<\/option><option value=\"Vatican City State (Holy See)\">Vatican City State (Holy See)<\/option><option value=\"Venezuela\">Venezuela<\/option><option value=\"Vietnam\">Vietnam<\/option><option value=\"Virgin Islands (British)\">Virgin Islands (British)<\/option><option value=\"Yemen\">Yemen<\/option><option value=\"Zambia\">Zambia<\/option><option value=\"Zimbabwe\">Zimbabwe<\/option><option value=\"Antigua And Barbuda\">Antigua And Barbuda<\/option><option value=\"Anguilla\">Anguilla<\/option><option value=\"American Samoa\">American Samoa<\/option><option value=\"Aruba\">Aruba<\/option><option value=\"Brunei Darussalam\">Brunei Darussalam<\/option><option value=\"Bouvet Island\">Bouvet Island<\/option><option value=\"Cook Islands\">Cook Islands<\/option><option value=\"Christmas Island\">Christmas Island<\/option><option value=\"Dominican Republic\">Dominican Republic<\/option><option value=\"Western Sahara\">Western Sahara<\/option><option value=\"Falkland Islands\">Falkland Islands<\/option><option value=\"Faroe Islands\">Faroe Islands<\/option><option value=\"Grenada\">Grenada<\/option><option value=\"French Guiana\">French Guiana<\/option><option value=\"Gibraltar\">Gibraltar<\/option><option value=\"Greenland\">Greenland<\/option><option value=\"Guadeloupe\">Guadeloupe<\/option><option value=\"Guatemala\">Guatemala<\/option><option value=\"Haiti\">Haiti<\/option><option value=\"Jamaica\">Jamaica<\/option><option value=\"Kiribati\">Kiribati<\/option><option value=\"Comoros\">Comoros<\/option><option value=\"Saint Kitts and Nevis\">Saint Kitts and Nevis<\/option><option value=\"Saint Lucia\">Saint Lucia<\/option><option value=\"Marshall Islands\">Marshall Islands<\/option><option value=\"Macau\">Macau<\/option><option value=\"Martinique\">Martinique<\/option><option value=\"Mauritius\">Mauritius<\/option><option value=\"New Caledonia\">New Caledonia<\/option><option value=\"Norfolk Island\">Norfolk Island<\/option><option value=\"Nauru\">Nauru<\/option><option value=\"Niue\">Niue<\/option><option value=\"Papua New Guinea\">Papua New Guinea<\/option><option value=\"Pitcairn\">Pitcairn<\/option><option value=\"Palau\">Palau<\/option><option value=\"Solomon Islands\">Solomon Islands<\/option><option value=\"Svalbard and Jan Mayen Islands\">Svalbard and Jan Mayen Islands<\/option><option value=\"San Marino\">San Marino<\/option><option value=\"Tonga\">Tonga<\/option><option value=\"Timor-Leste\">Timor-Leste<\/option><option value=\"Trinidad and Tobago\">Trinidad and Tobago<\/option><option value=\"Tuvalu\">Tuvalu<\/option><option value=\"Saint Vincent and the Grenadines\">Saint Vincent and the Grenadines<\/option><option value=\"Virgin Islands (U.S.)\">Virgin Islands (U.S.)<\/option><option value=\"Vanuatu\">Vanuatu<\/option><option value=\"Mayotte\">Mayotte<\/option><option value=\"Myanmar\">Myanmar<\/option><option value=\"Sao Tome and Principe\">Sao Tome and Principe<\/option><option value=\"South Georgia and the South Sandwich Islands\">South Georgia and the South Sandwich Islands<\/option><option value=\"Tajikistan\">Tajikistan<\/option><option value=\"United Kingdom\">United Kingdom<\/option><option value=\"Costa Rica\">Costa Rica<\/option><option value=\"Guernsey\">Guernsey<\/option><option value=\"North Korea\">North Korea<\/option><option value=\"Afghanistan\">Afghanistan<\/option><option value=\"Cote D'Ivoire\">Cote D'Ivoire<\/option><option value=\"Cuba\">Cuba<\/option><option value=\"French Polynesia\">French Polynesia<\/option><option value=\"Iran\">Iran<\/option><option value=\"Iraq\">Iraq<\/option><option value=\"Libya\">Libya<\/option><option value=\"Palestine\">Palestine<\/option><option value=\"Syria\">Syria<\/option><option value=\"Aaland Islands\">Aaland Islands<\/option><option value=\"Turks &amp; Caicos Islands\">Turks &amp; Caicos Islands<\/option><option value=\"Jersey  (Channel Islands)\">Jersey  (Channel Islands)<\/option><option value=\"Dominica\">Dominica<\/option><option value=\"Montenegro\">Montenegro<\/option><option value=\"Sudan\">Sudan<\/option><option value=\"Montserrat\">Montserrat<\/option><option value=\"Curacao\">Curacao<\/option><option value=\"Sint Maarten\">Sint Maarten<\/option><option value=\"South Sudan\">South Sudan<\/option><option value=\"Republic of Kosovo\">Republic of Kosovo<\/option><option value=\"Congo, Democratic Republic of the\">Congo, Democratic Republic of the<\/option><option value=\"Isle of Man\">Isle of Man<\/option><option value=\"Saint Martin\">Saint Martin<\/option><option value=\"Bonaire, Saint Eustatius and Saba\">Bonaire, Saint Eustatius and Saba<\/option><option value=\"Serbia\">Serbia<\/option><\/select><\/div><\/div><div class=\"mc-field-group\"><label for=\"mce-PHONE\">Telefone <span class=\"asterisk\">*<\/span><\/label><input type=\"text\" name=\"PHONE\" class=\"REQ_CSS\" id=\"mce-PHONE\" value=\"\"><\/div>\n        <div id=\"mce-responses\" class=\"clear foot\">\n            <div class=\"response\" id=\"mce-error-response\" style=\"display: none;\"><\/div>\n            <div class=\"response\" id=\"mce-success-response\" style=\"display: none;\"><\/div>\n        <\/div>\n    <div aria-hidden=\"true\" style=\"position: absolute; left: -5000px;\">\n        \/* real people should not fill this in and expect good things - do not remove this or risk form bot signups *\/\n        <input type=\"text\" name=\"b_593c8a8fe85c06e5b3572856e_d59d0d2863\" tabindex=\"-1\" value=\"\">\n    <\/div>\n        <div class=\"optionalParent\">\n            <div class=\"clear foot\">\n                <input type=\"submit\" name=\"subscribe\" id=\"mc-embedded-subscribe\" class=\"button\" value=\"Subscribe\">\n                <p style=\"margin: 0px auto;\"><a href=\"http:\/\/eepurl.com\/jkt7Xg\" title=\"Mailchimp - marketing por e-mail f\u00e1cil e divertido\"><span style=\"display: inline-block; background-color: transparent; border-radius: 4px;\"><img decoding=\"async\" class=\"refferal_badge\" src=\"https:\/\/digitalasset.intuit.com\/render\/content\/dam\/intuit\/mc-fe\/en_us\/images\/intuit-mc-rewards-text-dark.svg\" alt=\"Intuit Mailchimp\" style=\"width: 220px; height: 40px; display: flex; padding: 2px 0px; justify-content: center; align-items: center;\"><\/span><\/a><\/p>\n            <\/div>\n        <\/div>\n    <\/div>\n<\/form>\n<\/div>\n<script type=\"text\/javascript\" src=\"\/\/s3.amazonaws.com\/downloads.mailchimp.com\/js\/mc-validate.js\"><\/script><script type=\"text\/javascript\">(function($) {window.fnames = new Array(); window.ftypes = new Array();fnames[0]='EMAIL';ftypes[0]='email';fnames[1]='FNAME';ftypes[1]='text';fnames[2]='LNAME';ftypes[2]='text';fnames[3]='ADDRESS';ftypes[3]='address';fnames[4]='PHONE';ftypes[4]='phone';fnames[5]='BIRTHDAY';ftypes[5]='birthday';fnames[6]='COMPANY';ftypes[6]='text';}(jQuery));var $mcj = jQuery.noConflict(true);<\/script><\/div>\n\t\t\t\t<\/div>\n\t\t\t\t\t<\/div>\n\t\t\t\t<\/div>\n\t\t<div class=\"elementor-element elementor-element-57eeda1 e-flex e-con-boxed e-con e-parent\" data-id=\"57eeda1\" data-element_type=\"container\" data-e-type=\"container\">\n\t\t\t\t\t<div class=\"e-con-inner\">\n\t\t\t\t<div class=\"elementor-element elementor-element-ecc7ca5 elementor-widget elementor-widget-text-editor\" data-id=\"ecc7ca5\" data-element_type=\"widget\" data-e-type=\"widget\" data-widget_type=\"text-editor.default\">\n\t\t\t\t\t\t\t\t\t<p class=\"p1\"><strong>Sem conversa fiada. Sem promessas vazias. Sem press\u00e3o. S\u00f3 verdade.<\/strong><\/p>\t\t\t\t\t\t\t\t<\/div>\n\t\t\t\t\t<\/div>\n\t\t\t\t<\/div>\n\t\t\t\t<\/div>\n\t\t","protected":false},"excerpt":{"rendered":"<p>Voc\u00ea est\u00e1 segurando mais do que uma amostra. Voc\u00ea n\u00e3o vai encontrar nome, logo ou promessa nessa embalagem.A \u00fanica coisa que ela carrega \u00e9 o que constru\u00edmos juntos: confian\u00e7a. E nem toda ra\u00e7\u00e3o merece sua confian\u00e7a. Nos \u00faltimos dois anos, n\u00e3o vendemos discurso bonito. Entregamos resultado. E agora, essa amostra que chegou at\u00e9 voc\u00ea representa [&hellip;]<\/p>\n","protected":false},"author":1,"featured_media":0,"parent":0,"menu_order":0,"comment_status":"closed","ping_status":"closed","template":"elementor_canvas","meta":{"footnotes":""},"class_list":["post-7","page","type-page","status-publish","hentry"],"_links":{"self":[{"href":"https:\/\/joaosilva.com.br\/trust\/wp-json\/wp\/v2\/pages\/7","targetHints":{"allow":["GET"]}}],"collection":[{"href":"https:\/\/joaosilva.com.br\/trust\/wp-json\/wp\/v2\/pages"}],"about":[{"href":"https:\/\/joaosilva.com.br\/trust\/wp-json\/wp\/v2\/types\/page"}],"author":[{"embeddable":true,"href":"https:\/\/joaosilva.com.br\/trust\/wp-json\/wp\/v2\/users\/1"}],"replies":[{"embeddable":true,"href":"https:\/\/joaosilva.com.br\/trust\/wp-json\/wp\/v2\/comments?post=7"}],"version-history":[{"count":49,"href":"https:\/\/joaosilva.com.br\/trust\/wp-json\/wp\/v2\/pages\/7\/revisions"}],"predecessor-version":[{"id":80,"href":"https:\/\/joaosilva.com.br\/trust\/wp-json\/wp\/v2\/pages\/7\/revisions\/80"}],"wp:attachment":[{"href":"https:\/\/joaosilva.com.br\/trust\/wp-json\/wp\/v2\/media?parent=7"}],"curies":[{"name":"wp","href":"https:\/\/api.w.org\/{rel}","templated":true}]}}